{"id":2,"date":"2017-07-11T17:49:11","date_gmt":"2017-07-11T15:49:11","guid":{"rendered":"https:\/\/www.viatoris.de\/viatoris\/?page_id=2"},"modified":"2017-07-16T18:42:43","modified_gmt":"2017-07-16T16:42:43","slug":"beispiel-seite","status":"publish","type":"page","link":"https:\/\/www.viatoris.de\/viatoris\/","title":{"rendered":"Home"},"content":{"rendered":"<div class=\"row\"> <div class=\"col-md-4\">\n<h3><span class=\"legal\">Viatoris (die Wanderer\/Pilger) <\/span><\/h3>\n<p><span class=\"legal\">Wir sind eine Gruppe Mittelalterbegeisterter, die neben dem Mittelalter auch andere Freizeitaktivit\u00e4ten mit Freunden organisiert.<\/span><br \/>\n<span class=\"legal\">Dazu geh\u00f6rt zum Beispiel der gemeinsame Besuch von Konzerten und Ausfahrten mit unseren Motorr\u00e4dern.<\/span><br \/>\n<span class=\"legal\">Die Mitglieder der Gruppe sind faktisch auf der Wanderschaft. Viatoris wandert zwischen den Zeiten, zwischen Veranstaltungen und zwischen verschiedenen Interessen der Mitglieder gleicherma\u00dfen.<\/span><\/p>\n<\/div><div class=\"col-md-8\">\n<h3>Wir sind dann mal weg&#8230;<img loading=\"lazy\" decoding=\"async\" class=\"wp-image-38 size-full alignright\" src=\"https:\/\/www.viatoris.de\/viatoris\/wp-content\/uploads\/2017\/07\/Pilger.png\" alt=\"Auf der Reise\" width=\"400\" height=\"400\" srcset=\"https:\/\/www.viatoris.de\/viatoris\/wp-content\/uploads\/2017\/07\/Pilger.png 400w, https:\/\/www.viatoris.de\/viatoris\/wp-content\/uploads\/2017\/07\/Pilger-150x150.png 150w, https:\/\/www.viatoris.de\/viatoris\/wp-content\/uploads\/2017\/07\/Pilger-300x300.png 300w\" sizes=\"auto, (max-width: 400px) 100vw, 400px\" \/><\/h3>\n<p>Wir sind auf der Reise.<br \/>\nAllt\u00e4glich sind wir gefangen in sich wiederholender Einheitlichkeit, manchmal auch Eint\u00f6nigkeit. Auf der Strecke bleiben oft Freunde und die eigenen Interessen, die man dauernd h\u00f6hergestellten Zielen unterordnet, die in der Regel fremddiktiert werden.<br \/>\nManchmal muss man den Kopf frei machen und auch mal den Blickwinkel \u00e4ndern, \u00fcber die wirklich wichtigen Dinge nachdenken &#8211; das sind Familie und echte Freunde.<br \/>\nEs sind die einfachen Dinge, die uns gl\u00fccklich machen, sofern wir es zulassen; es muss nicht immer h\u00f6her, weiter oder schneller sein.<\/p>\n<p>Es ist eine uralte Sehnsucht der Menschen: Aufzubrechen aus dem Alltagstrott, Bekanntes hinter sich zu lassen, neue Wege zu suchen, um \u00fcber Umwege doch ans Ziel zu gelangen. Von dieser Sehnsucht getrieben und getragen brechen viele Menschen auf und begeben sich auf die Reise. So auch wir&#8230;<br \/>\nEin langfristiges Ziel der Viatoris ist es, in mittelalterlicher Gewandung auf dem Jakobsweg zu pilgern.<\/p>\n<blockquote><p>M\u00f6ge dein Weg dir freundlich entgegenkommen. M\u00f6ge die Sonne dein Gesicht erhellen. M\u00f6ge der Wind dir den R\u00fccken st\u00e4rken und der Regen um dich herum die Felder tr\u00e4nken. M\u00f6ge der g\u00fctige Gott dich in seinen H\u00e4nden halten.<\/p><\/blockquote>\n<h4>Der Jakobsweg<\/h4>\n<p>Der Jakobsweg ist der bekannteste Pilgerweg der Welt und f\u00fchrt quer durch ganz Europa und insbesondere durch Spanien. Schon \u00fcber 1000 Jahre lang wandern Pilger zum Grab des Apostels Jakobus in der spanischen Stadt Santiago de Compostela. Wenn man es genau nimmt, gibt es unz\u00e4hlig viele Jakobswege, denn die Strecke von deiner Haust\u00fcr bis nach Santiago ist ein eigener pers\u00f6nlicher Jakobsweg.<\/p>\n<p>&#8222;Unterwegs Sein&#8220; als Wanderer bzw. Pilger auf dem Jakobsweg ist etwas besonderes, denn er ist kein Weg wie jeder andere. Diesen Weg gingen seit dem Mittelalter bereits mehrere Millionen Menschen.<\/p>\n<\/div><\/div>\n<p>&nbsp;<\/p>\n<p><span class=\"legal\">\u00a0<\/span><\/p>\n","protected":false},"excerpt":{"rendered":"<p>&nbsp; \u00a0<\/p>\n","protected":false},"author":1,"featured_media":395,"parent":0,"menu_order":0,"comment_status":"closed","ping_status":"open","template":"","meta":{"kt_blocks_editor_width":"","footnotes":""},"class_list":["post-2","page","type-page","status-publish","has-post-thumbnail","hentry"],"_links":{"self":[{"href":"https:\/\/www.viatoris.de\/viatoris\/wp-json\/wp\/v2\/pages\/2","targetHints":{"allow":["GET"]}}],"collection":[{"href":"https:\/\/www.viatoris.de\/viatoris\/wp-json\/wp\/v2\/pages"}],"about":[{"href":"https:\/\/www.viatoris.de\/viatoris\/wp-json\/wp\/v2\/types\/page"}],"author":[{"embeddable":true,"href":"https:\/\/www.viatoris.de\/viatoris\/wp-json\/wp\/v2\/users\/1"}],"replies":[{"embeddable":true,"href":"https:\/\/www.viatoris.de\/viatoris\/wp-json\/wp\/v2\/comments?post=2"}],"version-history":[{"count":13,"href":"https:\/\/www.viatoris.de\/viatoris\/wp-json\/wp\/v2\/pages\/2\/revisions"}],"predecessor-version":[{"id":389,"href":"https:\/\/www.viatoris.de\/viatoris\/wp-json\/wp\/v2\/pages\/2\/revisions\/389"}],"wp:featuredmedia":[{"embeddable":true,"href":"https:\/\/www.viatoris.de\/viatoris\/wp-json\/wp\/v2\/media\/395"}],"wp:attachment":[{"href":"https:\/\/www.viatoris.de\/viatoris\/wp-json\/wp\/v2\/media?parent=2"}],"curies":[{"name":"wp","href":"https:\/\/api.w.org\/{rel}","templated":true}]}}