{"id":428,"date":"2017-07-29T15:07:45","date_gmt":"2017-07-29T13:07:45","guid":{"rendered":"https:\/\/www.viatoris.de\/viatoris\/?page_id=428"},"modified":"2018-01-29T10:46:37","modified_gmt":"2018-01-29T09:46:37","slug":"unser-lager","status":"publish","type":"page","link":"https:\/\/www.viatoris.de\/viatoris\/die-mittelaltergruppe-viatoris\/unser-lager\/","title":{"rendered":"Unser Lager"},"content":{"rendered":"<figure id=\"attachment_361\" aria-describedby=\"caption-attachment-361\" style=\"width: 400px\" class=\"wp-caption alignright\"><a href=\"https:\/\/www.viatoris.de\/viatoris\/wp-content\/uploads\/2017\/07\/Heimendahl_2017_20.jpg\"><img loading=\"lazy\" decoding=\"async\" class=\"wp-image-361\" style=\"border: 1px solid #000000;\" src=\"https:\/\/www.viatoris.de\/viatoris\/wp-content\/uploads\/2017\/07\/Heimendahl_2017_20-300x225.jpg\" alt=\"\" width=\"400\" height=\"300\" srcset=\"https:\/\/www.viatoris.de\/viatoris\/wp-content\/uploads\/2017\/07\/Heimendahl_2017_20-300x225.jpg 300w, https:\/\/www.viatoris.de\/viatoris\/wp-content\/uploads\/2017\/07\/Heimendahl_2017_20-150x113.jpg 150w, https:\/\/www.viatoris.de\/viatoris\/wp-content\/uploads\/2017\/07\/Heimendahl_2017_20-768x576.jpg 768w, https:\/\/www.viatoris.de\/viatoris\/wp-content\/uploads\/2017\/07\/Heimendahl_2017_20-533x400.jpg 533w, https:\/\/www.viatoris.de\/viatoris\/wp-content\/uploads\/2017\/07\/Heimendahl_2017_20-534x400.jpg 534w, https:\/\/www.viatoris.de\/viatoris\/wp-content\/uploads\/2017\/07\/Heimendahl_2017_20-267x200.jpg 267w, https:\/\/www.viatoris.de\/viatoris\/wp-content\/uploads\/2017\/07\/Heimendahl_2017_20.jpg 960w\" sizes=\"auto, (max-width: 400px) 100vw, 400px\" \/><\/a><figcaption id=\"caption-attachment-361\" class=\"wp-caption-text\">Zeltlager<\/figcaption><\/figure>\n<p>Unser Zeltlager besteht aus verschiedenen Mittelalterzelten, einer Kochstelle und einem Unterstand\/Sonnenschutz.<\/p>\n<p>Die Stellfl\u00e4che das Lagers ist dem <a href=\"https:\/\/www.viatoris.de\/viatoris\/typischer-lageraufbau\/\">Lageraufbauplan<\/a> entnehmbar. Sie ist grunds\u00e4tzlich variabel und richtet sich nach der Anzahl der Mitreisenden.<\/p>\n<p>Wir zeigen auch gern das Innere unserer Zelte, so gibt es z.B. ein Seilbett und ein Feldlazarett zu bestaunen.<\/p>\n<p>&nbsp;<\/p>\n<p>&nbsp;<\/p>\n<p>&nbsp;<\/p>\n<p>&nbsp;<\/p>\n<div class=\"row\"> <div class=\"col-md-3\">\n<h3>Zelt des Hospitalliters<\/h3>\n<figure id=\"attachment_434\" aria-describedby=\"caption-attachment-434\" style=\"width: 300px\" class=\"wp-caption alignleft\"><img loading=\"lazy\" decoding=\"async\" class=\"wp-image-434 size-medium\" style=\"border: 1px solid #000000;\" src=\"https:\/\/www.viatoris.de\/viatoris\/wp-content\/uploads\/2017\/07\/ZeltNormann-300x225.jpg\" alt=\"\" width=\"300\" height=\"225\" srcset=\"https:\/\/www.viatoris.de\/viatoris\/wp-content\/uploads\/2017\/07\/ZeltNormann-300x225.jpg 300w, https:\/\/www.viatoris.de\/viatoris\/wp-content\/uploads\/2017\/07\/ZeltNormann-150x113.jpg 150w, https:\/\/www.viatoris.de\/viatoris\/wp-content\/uploads\/2017\/07\/ZeltNormann.jpg 400w\" sizes=\"auto, (max-width: 300px) 100vw, 300px\" \/><figcaption id=\"caption-attachment-434\" class=\"wp-caption-text\">Feldlazarett<\/figcaption><\/figure>\n<div class=\"space_20 clearfix\"><\/div>\n<p>Das Zelt hat eine Grundfl\u00e4che von 6 x 4\u00a0m und ist als Vorf\u00fchrzelt eingerichtet.<\/p>\n<p>Gezeigt wird neben\u00a0zeitgen\u00f6ssischen Waffen und R\u00fcstung eines Ordensritters auch ein Feldlazarett, komplett mit chirurgischem Besteck. Dazu geh\u00f6ren Zangen, Kautereisen, Wundspreizer und sogar eine Knochens\u00e4ge.<\/p>\n<p>Das Zelt wird bewohnt von der Familie von Havenburn.<\/p>\n<figure id=\"attachment_354\" aria-describedby=\"caption-attachment-354\" style=\"width: 150px\" class=\"wp-caption alignright\"><a href=\"https:\/\/www.viatoris.de\/viatoris\/wp-content\/uploads\/2017\/07\/Heimendahl_2017_13.jpg\"><img loading=\"lazy\" decoding=\"async\" class=\"wp-image-354 size-thumbnail\" style=\"border: 1px solid #000000;\" src=\"https:\/\/www.viatoris.de\/viatoris\/wp-content\/uploads\/2017\/07\/Heimendahl_2017_13-150x113.jpg\" alt=\"\" width=\"150\" height=\"113\" srcset=\"https:\/\/www.viatoris.de\/viatoris\/wp-content\/uploads\/2017\/07\/Heimendahl_2017_13-150x113.jpg 150w, https:\/\/www.viatoris.de\/viatoris\/wp-content\/uploads\/2017\/07\/Heimendahl_2017_13-300x225.jpg 300w, https:\/\/www.viatoris.de\/viatoris\/wp-content\/uploads\/2017\/07\/Heimendahl_2017_13-768x576.jpg 768w, https:\/\/www.viatoris.de\/viatoris\/wp-content\/uploads\/2017\/07\/Heimendahl_2017_13-533x400.jpg 533w, https:\/\/www.viatoris.de\/viatoris\/wp-content\/uploads\/2017\/07\/Heimendahl_2017_13-534x400.jpg 534w, https:\/\/www.viatoris.de\/viatoris\/wp-content\/uploads\/2017\/07\/Heimendahl_2017_13-267x200.jpg 267w, https:\/\/www.viatoris.de\/viatoris\/wp-content\/uploads\/2017\/07\/Heimendahl_2017_13.jpg 960w\" sizes=\"auto, (max-width: 150px) 100vw, 150px\" \/><\/a><figcaption id=\"caption-attachment-354\" class=\"wp-caption-text\">Inenansicht Feldlazaret<\/figcaption><\/figure>\n<div class=\"clearfix\"><\/div>\n<\/div><div class=\"col-md-3\">\n<h3>Zelt des Ministerialen<\/h3>\n<figure id=\"attachment_357\" aria-describedby=\"caption-attachment-357\" style=\"width: 300px\" class=\"wp-caption alignleft\"><a href=\"https:\/\/www.viatoris.de\/viatoris\/wp-content\/uploads\/2017\/07\/Heimendahl_2017_16.jpg\"><img loading=\"lazy\" decoding=\"async\" class=\"wp-image-357 size-medium\" style=\"border: 1px solid #000000;\" src=\"https:\/\/www.viatoris.de\/viatoris\/wp-content\/uploads\/2017\/07\/Heimendahl_2017_16-300x225.jpg\" alt=\"\" width=\"300\" height=\"225\" srcset=\"https:\/\/www.viatoris.de\/viatoris\/wp-content\/uploads\/2017\/07\/Heimendahl_2017_16-300x225.jpg 300w, https:\/\/www.viatoris.de\/viatoris\/wp-content\/uploads\/2017\/07\/Heimendahl_2017_16-150x113.jpg 150w, https:\/\/www.viatoris.de\/viatoris\/wp-content\/uploads\/2017\/07\/Heimendahl_2017_16-768x576.jpg 768w, https:\/\/www.viatoris.de\/viatoris\/wp-content\/uploads\/2017\/07\/Heimendahl_2017_16-533x400.jpg 533w, https:\/\/www.viatoris.de\/viatoris\/wp-content\/uploads\/2017\/07\/Heimendahl_2017_16-534x400.jpg 534w, https:\/\/www.viatoris.de\/viatoris\/wp-content\/uploads\/2017\/07\/Heimendahl_2017_16-267x200.jpg 267w, https:\/\/www.viatoris.de\/viatoris\/wp-content\/uploads\/2017\/07\/Heimendahl_2017_16.jpg 960w\" sizes=\"auto, (max-width: 300px) 100vw, 300px\" \/><\/a><figcaption id=\"caption-attachment-357\" class=\"wp-caption-text\">Zelt des Ministerialen<\/figcaption><\/figure>\n<div class=\"space_20 clearfix\"><\/div>\n<p>Das Zelt hat eine Grundfl\u00e4che von 4 x 4\u00a0m und ist als Vorf\u00fchrzelt eingerichtet.<\/p>\n<p>Das Zelt wird wechselweise bewohnt von den Herren von Rengsdorf und von Krinvelde.<\/p>\n<p>Das Zelt passt zwar nicht ganz in den Darstellungszeitraum, sieht aber toll aus. Gezeigt wird unter anderem ein Seilbett, wie man es fr\u00fcher in Burgen und H\u00e4usern finden konnte, sowie zeitgen\u00f6ssische Waffen und R\u00fcstungen.<\/p>\n<div class=\"clearfix\"><\/div>\n<figure id=\"attachment_359\" aria-describedby=\"caption-attachment-359\" style=\"width: 150px\" class=\"wp-caption alignright\"><a href=\"https:\/\/www.viatoris.de\/viatoris\/wp-content\/uploads\/2017\/07\/Heimendahl_2017_18.jpg\"><img loading=\"lazy\" decoding=\"async\" class=\"wp-image-359 size-thumbnail\" style=\"border: 1px solid #000000;\" src=\"https:\/\/www.viatoris.de\/viatoris\/wp-content\/uploads\/2017\/07\/Heimendahl_2017_18-150x113.jpg\" alt=\"\" width=\"150\" height=\"113\" srcset=\"https:\/\/www.viatoris.de\/viatoris\/wp-content\/uploads\/2017\/07\/Heimendahl_2017_18-150x113.jpg 150w, https:\/\/www.viatoris.de\/viatoris\/wp-content\/uploads\/2017\/07\/Heimendahl_2017_18-300x225.jpg 300w, https:\/\/www.viatoris.de\/viatoris\/wp-content\/uploads\/2017\/07\/Heimendahl_2017_18-768x576.jpg 768w, https:\/\/www.viatoris.de\/viatoris\/wp-content\/uploads\/2017\/07\/Heimendahl_2017_18-533x400.jpg 533w, https:\/\/www.viatoris.de\/viatoris\/wp-content\/uploads\/2017\/07\/Heimendahl_2017_18-534x400.jpg 534w, https:\/\/www.viatoris.de\/viatoris\/wp-content\/uploads\/2017\/07\/Heimendahl_2017_18-267x200.jpg 267w, https:\/\/www.viatoris.de\/viatoris\/wp-content\/uploads\/2017\/07\/Heimendahl_2017_18.jpg 960w\" sizes=\"auto, (max-width: 150px) 100vw, 150px\" \/><\/a><figcaption id=\"caption-attachment-359\" class=\"wp-caption-text\">Innenansicht<\/figcaption><\/figure>\n<\/div><div class=\"col-md-3\">\n<h3>Feuerstelle<\/h3>\n<figure id=\"attachment_360\" aria-describedby=\"caption-attachment-360\" style=\"width: 300px\" class=\"wp-caption alignnone\"><a href=\"https:\/\/www.viatoris.de\/viatoris\/wp-content\/uploads\/2017\/07\/Heimendahl_2017_19.jpg\"><img loading=\"lazy\" decoding=\"async\" class=\"wp-image-360 size-medium\" style=\"border: 1px solid #000000;\" src=\"https:\/\/www.viatoris.de\/viatoris\/wp-content\/uploads\/2017\/07\/Heimendahl_2017_19-300x225.jpg\" alt=\"\" width=\"300\" height=\"225\" srcset=\"https:\/\/www.viatoris.de\/viatoris\/wp-content\/uploads\/2017\/07\/Heimendahl_2017_19-300x225.jpg 300w, https:\/\/www.viatoris.de\/viatoris\/wp-content\/uploads\/2017\/07\/Heimendahl_2017_19-150x113.jpg 150w, https:\/\/www.viatoris.de\/viatoris\/wp-content\/uploads\/2017\/07\/Heimendahl_2017_19-768x576.jpg 768w, https:\/\/www.viatoris.de\/viatoris\/wp-content\/uploads\/2017\/07\/Heimendahl_2017_19-533x400.jpg 533w, https:\/\/www.viatoris.de\/viatoris\/wp-content\/uploads\/2017\/07\/Heimendahl_2017_19-534x400.jpg 534w, https:\/\/www.viatoris.de\/viatoris\/wp-content\/uploads\/2017\/07\/Heimendahl_2017_19-267x200.jpg 267w, https:\/\/www.viatoris.de\/viatoris\/wp-content\/uploads\/2017\/07\/Heimendahl_2017_19.jpg 960w\" sizes=\"auto, (max-width: 300px) 100vw, 300px\" \/><\/a><figcaption id=\"caption-attachment-360\" class=\"wp-caption-text\">Unsere Feuerstelle<\/figcaption><\/figure>\n<div class=\"space_20 clearfix\"><\/div>\n<p>Wir kochen auf offenem Feuer, dazu sind entsprechende K\u00fcchenutensilien vorhanden. Gekocht wird alles, was die gute Mittelalterk\u00fcche hergab.<\/p>\n<p>Es ist sogar m\u00f6glich uns beim Kochen zuzusehen. Die Kette mit dem Haken ist \u00fcbrigens echt antik.<\/p>\n<div class=\"clearfix\"><\/div><\/div><div class=\"col-md-3\">\n<h3>Verkaufsstand<\/h3>\n<figure id=\"attachment_348\" aria-describedby=\"caption-attachment-348\" style=\"width: 300px\" class=\"wp-caption alignleft\"><a href=\"https:\/\/www.viatoris.de\/viatoris\/wp-content\/uploads\/2017\/07\/Heimendahl_2017_7.jpg\"><img loading=\"lazy\" decoding=\"async\" class=\"wp-image-348 size-medium\" style=\"border: 1px solid #000000;\" src=\"https:\/\/www.viatoris.de\/viatoris\/wp-content\/uploads\/2017\/07\/Heimendahl_2017_7-300x225.jpg\" alt=\"\" width=\"300\" height=\"225\" srcset=\"https:\/\/www.viatoris.de\/viatoris\/wp-content\/uploads\/2017\/07\/Heimendahl_2017_7-300x225.jpg 300w, https:\/\/www.viatoris.de\/viatoris\/wp-content\/uploads\/2017\/07\/Heimendahl_2017_7-150x113.jpg 150w, https:\/\/www.viatoris.de\/viatoris\/wp-content\/uploads\/2017\/07\/Heimendahl_2017_7-768x576.jpg 768w, https:\/\/www.viatoris.de\/viatoris\/wp-content\/uploads\/2017\/07\/Heimendahl_2017_7-533x400.jpg 533w, https:\/\/www.viatoris.de\/viatoris\/wp-content\/uploads\/2017\/07\/Heimendahl_2017_7-534x400.jpg 534w, https:\/\/www.viatoris.de\/viatoris\/wp-content\/uploads\/2017\/07\/Heimendahl_2017_7-267x200.jpg 267w, https:\/\/www.viatoris.de\/viatoris\/wp-content\/uploads\/2017\/07\/Heimendahl_2017_7.jpg 960w\" sizes=\"auto, (max-width: 300px) 100vw, 300px\" \/><\/a><figcaption id=\"caption-attachment-348\" class=\"wp-caption-text\">Verkaufsstand<\/figcaption><\/figure>\n<h3><\/h3>\n<div class=\"space_20 clearfix\"><\/div>\n<p>An ihrem Stand &#8222;Flitter und Tand aus zweiter Hand&#8220; verkauft Anna von Nievenheim manchmal gebrauchte Waren. Das Angebot richtet sich insbesondere an Reenactors, aber auch so mancher normale Besucher eines Mittelaltermarkts hat schon einmal etwas gefunden.<\/p>\n<i class=\"kt-icon-info-circle\" style=\"font-size:14px; color:#000;\"><\/i> <em>Die feilgebotenen Waren sind allesamt gebraucht, also echte Tr\u00f6delware.<\/em><\/p>\n<div class=\"clearfix\"><\/div><\/div><\/div>\n<div class=\"row\"> <div class=\"col-md-3\">\n<h3>Wohn- und K\u00fcchenzelt<\/h3>\n<figure id=\"attachment_644\" aria-describedby=\"caption-attachment-644\" style=\"width: 300px\" class=\"wp-caption alignleft\"><a href=\"https:\/\/www.viatoris.de\/viatoris\/wp-content\/uploads\/2018\/01\/Kegelzelt.jpg\"><img loading=\"lazy\" decoding=\"async\" class=\"wp-image-644 size-medium\" style=\"border: 1px solid #000000;\" src=\"https:\/\/www.viatoris.de\/viatoris\/wp-content\/uploads\/2018\/01\/Kegelzelt-300x225.jpg\" alt=\"\" width=\"300\" height=\"225\" srcset=\"https:\/\/www.viatoris.de\/viatoris\/wp-content\/uploads\/2018\/01\/Kegelzelt-300x225.jpg 300w, https:\/\/www.viatoris.de\/viatoris\/wp-content\/uploads\/2018\/01\/Kegelzelt-150x113.jpg 150w, https:\/\/www.viatoris.de\/viatoris\/wp-content\/uploads\/2018\/01\/Kegelzelt.jpg 400w\" sizes=\"auto, (max-width: 300px) 100vw, 300px\" \/><\/a><figcaption id=\"caption-attachment-644\" class=\"wp-caption-text\">Kegelzelt<\/figcaption><\/figure>\n<h3><\/h3>\n<div class=\"space_20 clearfix\"><\/div>\n<p>Das Zelt hat einen Durchmesser von 4\u00a0m.<\/p>\n<p>Es wird bewohnt von der Familie von Dvsseldorp und dient uns zus\u00e4tzlich als K\u00fcchenzelt.<\/p>\n<p>F\u00fcr G\u00e4ste gibt es davon noch ein Zweites Zelt mit einem Durchmesser von 3 m.<\/p>\n<div class=\"clearfix\"><\/div><\/div><div class=\"col-md-3\">\n<h3>Wohnzelt<\/h3>\n<figure id=\"attachment_648\" aria-describedby=\"caption-attachment-648\" style=\"width: 300px\" class=\"wp-caption alignleft\"><a href=\"https:\/\/www.viatoris.de\/viatoris\/wp-content\/uploads\/2018\/01\/Zelt_Zweimaster-1.jpg\"><img loading=\"lazy\" decoding=\"async\" class=\"wp-image-648 size-medium\" style=\"border: 1px solid #000000;\" src=\"https:\/\/www.viatoris.de\/viatoris\/wp-content\/uploads\/2018\/01\/Zelt_Zweimaster-1-300x225.jpg\" alt=\"\" width=\"300\" height=\"225\" srcset=\"https:\/\/www.viatoris.de\/viatoris\/wp-content\/uploads\/2018\/01\/Zelt_Zweimaster-1-300x225.jpg 300w, https:\/\/www.viatoris.de\/viatoris\/wp-content\/uploads\/2018\/01\/Zelt_Zweimaster-1-150x113.jpg 150w, https:\/\/www.viatoris.de\/viatoris\/wp-content\/uploads\/2018\/01\/Zelt_Zweimaster-1.jpg 400w\" sizes=\"auto, (max-width: 300px) 100vw, 300px\" \/><\/a><figcaption id=\"caption-attachment-648\" class=\"wp-caption-text\">Zweimastzelt<\/figcaption><\/figure>\n<h3><\/h3>\n<div class=\"space_20 clearfix\"><\/div>\nDas Zelt hat eine Grundfl\u00e4che von 6 x 4\u00a0m und wird bewohnt von der Familie von Krinvelde.<br \/>\n<div class=\"clearfix\"><\/div><\/div>\n<\/div>\n","protected":false},"excerpt":{"rendered":"<p>Unser Zeltlager besteht aus verschiedenen Mittelalterzelten, einer Kochstelle und einem Unterstand\/Sonnenschutz. Die Stellfl\u00e4che das Lagers ist dem Lageraufbauplan entnehmbar. Sie ist grunds\u00e4tzlich variabel und richtet sich nach der Anzahl der Mitreisenden. Wir zeigen auch gern das Innere unserer Zelte, so &hellip; <a class=\"kt-excerpt-readmore more-link\" href=\"https:\/\/www.viatoris.de\/viatoris\/die-mittelaltergruppe-viatoris\/unser-lager\/\">Weiterlesen<\/a><\/p>\n","protected":false},"author":1,"featured_media":0,"parent":259,"menu_order":1,"comment_status":"closed","ping_status":"closed","template":"","meta":{"kt_blocks_editor_width":"","footnotes":""},"class_list":["post-428","page","type-page","status-publish","hentry"],"_links":{"self":[{"href":"https:\/\/www.viatoris.de\/viatoris\/wp-json\/wp\/v2\/pages\/428","targetHints":{"allow":["GET"]}}],"collection":[{"href":"https:\/\/www.viatoris.de\/viatoris\/wp-json\/wp\/v2\/pages"}],"about":[{"href":"https:\/\/www.viatoris.de\/viatoris\/wp-json\/wp\/v2\/types\/page"}],"author":[{"embeddable":true,"href":"https:\/\/www.viatoris.de\/viatoris\/wp-json\/wp\/v2\/users\/1"}],"replies":[{"embeddable":true,"href":"https:\/\/www.viatoris.de\/viatoris\/wp-json\/wp\/v2\/comments?post=428"}],"version-history":[{"count":55,"href":"https:\/\/www.viatoris.de\/viatoris\/wp-json\/wp\/v2\/pages\/428\/revisions"}],"predecessor-version":[{"id":668,"href":"https:\/\/www.viatoris.de\/viatoris\/wp-json\/wp\/v2\/pages\/428\/revisions\/668"}],"up":[{"embeddable":true,"href":"https:\/\/www.viatoris.de\/viatoris\/wp-json\/wp\/v2\/pages\/259"}],"wp:attachment":[{"href":"https:\/\/www.viatoris.de\/viatoris\/wp-json\/wp\/v2\/media?parent=428"}],"curies":[{"name":"wp","href":"https:\/\/api.w.org\/{rel}","templated":true}]}}