{"id":594,"date":"2017-08-08T12:37:27","date_gmt":"2017-08-08T10:37:27","guid":{"rendered":"https:\/\/www.viatoris.de\/viatoris\/?page_id=594"},"modified":"2024-02-27T15:54:24","modified_gmt":"2024-02-27T14:54:24","slug":"datenschutzerklaerung","status":"publish","type":"page","link":"https:\/\/www.viatoris.de\/viatoris\/datenschutzerklaerung\/","title":{"rendered":"Datenschutzerkl\u00e4rung"},"content":{"rendered":"<h1>Datenschutzerkl\u00e4rung<\/h1>\n<h2><span class=\"fontstyle0\">1 Zu dieser Datenschutzerkl\u00e4rung<br \/>\n<\/span><\/h2>\n<p><span class=\"fontstyle0\">Der Schutz Ihrer Privatsph\u00e4re ist uns ein wichtiges Anliegen. Deshalb m\u00f6chten wir Sie eindringlich bitten, die nachfolgende Zusammenfassung \u00fcber die Funktionsweise unserer Webseite <\/span><span class=\"fontstyle2\"><a href=\"http:\/\/www.viatoris.de\">www.viatoris.de<\/a> <\/span><span class=\"fontstyle0\">aufmerksam zu lesen.<\/span><\/p>\n<p>Wir weisen darauf hin, dass die Daten\u00fcbertragung im Internet (z.B. bei der Kommunikation per E-Mail) Sicherheitsl\u00fccken aufweisen kann. Ein l\u00fcckenloser Schutz der Daten vor dem Zugriff durch Dritte ist nicht realisierbar.<\/p>\n<p><span class=\"fontstyle1\"><span class=\"fontstyle0\">Die hier aufgef\u00fchrte Datenschutzerkl\u00e4rung entspricht den Richtlinien der DSGVO und des BDSG. Sie soll \u00fcber die Art, den Zweck und die Verwendung personenbezogener Daten durch den Websitebetreiber<\/span> informieren.<br \/>\n<\/span><\/p>\n<h4>1.1 Betreiber dieser Website<\/h4>\n<p>Domaininhaber:<br \/>\nMarcus Pawelzik<br \/>\nThywissenstr. 79<br \/>\n47805 Krefeld<\/p>\n<p>Inhaltlich verantwortlich:<br \/>\nMarcel Hermsen<br \/>\nWehrhahnweg 10<br \/>\n47807 Krefeld<\/p>\n<p><span class=\"C-5\">Kontakt:<br \/>\n<a href=\"mailto:info@viatoris.de\">info@viatoris.de<\/a><\/span><\/p>\n<h2><span class=\"fontstyle0\">2 <\/span>Umgang mit personenbezogenen Daten<\/h2>\n<p>Definition: Als personenbezogene Daten gelten s\u00e4mtliche Informationen, welche dazu dienen, Ihre Person zu bestimmen und welche zu Ihnen zur\u00fcckverfolgt werden k\u00f6nnen \u2013 also beispielsweise Ihr Name, Ihre\u00a0E-Mail-Adresse oder Telefonnummer. Keine personenbezogenen Daten sind solche Informationen, mit deren Hilfe Sie nicht identifizierbar sind, beispielsweise die Angabe des Alters, des Geschlechts oder die berufliche Ausbildung.<\/p>\n<p><span class=\"fontstyle0\">Durch die Nutzung unserer Website werden personenbezogene Daten gem\u00e4\u00df DSGVO erhoben.\u00a0<\/span>Ein Teil der Daten wird erhoben, um eine fehlerfreie Bereitstellung der Website zu gew\u00e4hrleisten. Ein anderer Teil der Daten wird durch den\u00a0Seitenprovider, das Hosting Unternehmen 1&amp;1\u00a0(<a href=\"https:\/\/www.1und1.de\">https:\/\/www.1und1.de<\/a>) automatisiert erhoben, aber durch uns nicht weiter genutzt.<\/p>\n<h4>2.1 Welche Daten werden erhoben<\/h4>\n<ul>\n<li>E-Mail-Adresse sowie <span class=\"fontstyle0\">Vor- und Zuname:<\/span><br \/>\nNehmen Sie mit uns durch die angebotenen Kontaktm\u00f6glichkeit Verbindung auf, werden ihre angegebenen personenbezogenen Daten zur Bearbeitung und Beantwortung Ihrer Anfrage verwendet. Die Nutzung der Kontaktm\u00f6glichkeit und die Verarbeitung der angegebenen Daten erfolgt ausschlie\u00dflich auf Grundlage Ihrer freiwilligen Einwilligung (Art. 6 Abs. 1 lit. a DSGVO).<\/li>\n<li>Verwendeter Browser und verwendetes Betriebssystem:<br \/>\nB<span class=\"fontstyle0\">eim Besuch unserer Website <\/span>werden der verwendete Browser und das verwendete Betriebssystem ausgewertet. Diese Daten dienen lediglich zur Optimierung bzw. Anpassung der Website-Darstellung (z.B. auf mobilen Endger\u00e4ten). Eine Zusammenf\u00fchrung dieser Daten mit anderen Datenquellen wird nicht vorgenommen, wir als Websitebetreiber ordnen diese Daten nicht bestimmten Personen zu. Grundlage f\u00fcr die Datenverarbeitung ist Art. 6 Abs. 1 lit. f DSGVO. Der Websitebetreiber hat ein berechtigtes Interesse an der technisch fehlerfreien und optimierten Bereitstellung seiner Dienste.<\/li>\n<li>Verwendete IP-Adresse:<br \/>\nBeim <span class=\"fontstyle0\">beim Besuch unserer Website<\/span> l\u00e4dt Ihr Browser einen ben\u00f6tigten Web Font von unserer Webseite in ihren Browsercache, um Texte und Schriftarten korrekt anzuzeigen. Dazu ist es notwendig, Ihre IP-Adresse zu speichern. Auch wird bei der Nutzung unseres Veranstaltungskalenders ihre IP-Adresse verwendet (siehe dazu auch Abschnitt 3.3.2 &#8222;Events Manager&#8220;).<\/li>\n<li>Analysedaten surch den Seitenprovider:<br \/>\n<span class=\"fontstyle0\">Unser Seitenprovider<\/span> erhebt diese Daten automatisiert (siehe dazu auch Abschnitt 3.1.1 &#8222;Server-Log-Dateien&#8220;). Eine Nutzung dieser Daten unsererseits erfolgt nicht.<\/li>\n<\/ul>\n<h4>2.2 Wie lange wir Ihre Daten speichern<\/h4>\n<p>Personenbezogene Daten speichern wir gem\u00e4\u00df den Grunds\u00e4tzen der Datenvermeidung und Datensparsamkeit nur so lange, wie es erforderlich ist oder vom Gesetzgeber her vorgeschrieben wird (gesetzliche Speicherfrist). Entf\u00e4llt der Zweck der erhobenen Informationen oder endet die Speicherfrist, sperren oder l\u00f6schen wir die Daten. Eine Weitergabe an Dritte erfolgt nicht.<\/p>\n<h4>2.3 Mit wem wir Ihre Daten teilen und wohin sie gesendet werden<\/h4>\n<p>Aktiv teilen wir keine personenbezogenen Daten, eine Weitergabe an Dritte erfolgt nicht. Lediglich unser Seitenprovider, das Hosting Unternehmen 1&amp;1\u00a0(<a href=\"https:\/\/www.1und1.de\">https:\/\/www.1und1.de<\/a>) hat Zugriff aud die Daten.<\/p>\n<p>Social-Media-Plugins auf dieser Website verwenden Cookies die vom entsprechenden Drittanbieter festgelegt und verwendet werden.<\/p>\n<h2><span class=\"fontstyle0\">3 Wie Daten erhoben werden<\/span><\/h2>\n<p><span class=\"fontstyle0\">Ihre Daten werden zum einen dadurch erhoben, dass Sie uns diese mitteilen. Andere Daten werden automatisch beim Besuch der Website durch unseren Seitenprovider erfasst. Das sind vor allem technische Daten (z.B. Internetbrowser, Betriebssystem oder Uhrzeit des Seitenaufrufs); die Erfassung dieser Daten erfolgt automatisch, sobald Sie unsere Website betreten. <\/span><\/p>\n<h4>3.1 Analysedienste<\/h4>\n<p>Diese Website wurde mit WordPress erstellt. WordPress sammelt keine Analysedaten.<\/p>\n<p>Allerdings sammelt u<span class=\"fontstyle0\">nser Seitenprovider<\/span>, das Hosting Unternehmen 1&amp;1\u00a0(<a href=\"https:\/\/www.1und1.de\">https:\/\/www.1und1.de<\/a>), automatiosiert Daten, die in Logdateien (<span class=\"fontstyle0\">Server-Logfiles)<\/span> abgelegt werden. Wir als Websitebetreiber haben keinerlei Einfluss auf die Art und Weiterverarbeitung dieser Daten beim <span class=\"fontstyle0\">Seitenprovider<\/span>.<\/p>\n<p>Die Auswertung der Logdateien ohne entsprechende Analysedienste ist aufgrund ihrer F\u00fclle schlichtweg unm\u00f6glich. Wir als Websitebetreiber verwenden keinerlei Analysetools oder Analysedienste, eine Nutzung dieser Daten unsererseits erfolgt nicht.<\/p>\n<h5>3.1.1 Server-Logfiles<\/h5>\n<p><span class=\"fontstyle0\">Ein &#8222;Server-Logfile&#8220; wird im Zuge eines automatischen Protokolls erstellt, sobald Sie unsere Website betreten. Das bedeutet, dass Informationen Ihres verwendeten Endger\u00e4tes als Logfiles auf einem Server des Seitenproviders festgehalten werden.<\/span><\/p>\n<p>Unser Seitenprovider erhebt folgende Daten \u00fcber Zugriffe auf die Website und speichert diese in &#8222;Server-Logfiles&#8220; ab:<\/p>\n<ul>\n<li>IP-Adresse und Hostname<\/li>\n<\/ul>\n<ul>\n<li>Zugriffszeitpunkt<\/li>\n<\/ul>\n<ul>\n<li>vom Besucher verwendeter Browser<\/li>\n<\/ul>\n<ul>\n<li>vom Besucher verwendetes Betriebssystem<\/li>\n<\/ul>\n<ul>\n<li>Herkunftslink bzw. -URL<\/li>\n<\/ul>\n<ul>\n<li>verwendete Suchmaschine inklusive genutzter Keywords<\/li>\n<\/ul>\n<ul>\n<li>Verweildauer<\/li>\n<\/ul>\n<ul>\n<li>Anzahl aufgerufener Seiten<\/li>\n<\/ul>\n<ul>\n<li>zuletzt ge\u00f6ffnete Seite vor dem Verlassen der Website<\/li>\n<\/ul>\n<p>Wir behalten uns allerdings vor, die Server-Logfiles nachtr\u00e4glich zu \u00fcberpr\u00fcfen, sollten konkrete Anhaltspunkte auf eine rechtswidrige Nutzung hinweisen. Aufgrund von Datenschutzrichtlinien zu personenbezogenen Daten werden die IP-Adressen der Aufrufer in den Log-Dateien nach 7 Tagen durch den\u00a0Seitenprovider anonymisiert.<\/p>\n<p>Grundlage f\u00fcr die Datenverarbeitung ist Art. 6 Abs. 1 lit. b DSGVO, der die Verarbeitung von Daten zur Erf\u00fcllung eines Vertrags oder vorvertraglicher Ma\u00dfnahmen gestattet.<\/p>\n<h4>3.2 Cookies<\/h4>\n<p>Diese Website verwendet so genannte Cookies. Cookies sind kleine Textdateien, die auf Ihrem Rechner abgelegt werden und die Ihr Browser speichert. Cookies richten auf Ihrem Rechner keinen Schaden an und enthalten keine Viren und lassen nicht auf Ihre Identit\u00e4t schlie\u00dfen. Cookies dienen dazu, unser Angebot nutzerfreundlicher, effektiver und sicherer zu machen. Cookies k\u00f6nnen Nutzereinstellungen und andere Informationen speichern.<\/p>\n<p>Cookies, die zur Durchf\u00fchrung des elektronischen Kommunikationsvorgangs oder zur Bereitstellung bestimmter, von Ihnen erw\u00fcnschter Funktionen erforderlich sind, werden auf Grundlage von Art. 6 Abs. 1 lit. f DSGVO gespeichert. Der Websitebetreiber hat ein berechtigtes Interesse an der Speicherung von Cookies zur technisch fehlerfreien und optimierten Bereitstellung seiner Dienste.<\/p>\n<p>Sie k\u00f6nnen Ihren Browser so einstellen, dass Sie \u00fcber das Setzen von Cookies informiert werden und Cookies nur im Einzelfall erlauben, die Annahme von Cookies f\u00fcr bestimmte F\u00e4lle oder generell ausschlie\u00dfen sowie das automatische L\u00f6schen der Cookies beim Schlie\u00dfen des Browsers aktivieren. Bei der Deaktivierung von Cookies kann die Funktionalit\u00e4t dieser Website eingeschr\u00e4nkt sein.<\/p>\n<p>Soweit andere Cookies (z.B. von Drittanbietern eingestellte Cookies) gespeichert werden, werden diese in dieser Datenschutzerkl\u00e4rung in Abschnitt 3.2.2 &#8222;Von Drittanbietern eingestellte Cookies \/ eingebettete Inhalte&#8220; gesondert behandelt.<\/p>\n<h5>3.2.1 Welche Cookies werden durch die Seite gesetzt<\/h5>\n<p>Welche Cockies im Einzelnen verwendet werden k\u00f6nnen Sie in der <a href=\"https:\/\/www.viatoris.de\/viatoris\/cookie-richtlinie-eu\/\" target=\"_blank\" rel=\"noopener noreferrer\">Cookie-Richtlinie (EU)<\/a> nachlesen und definieren.<\/p>\n<p>Es werden folgende Cookies verwendet:<\/p>\n<ul>\n<li>Pr\u00e4ferenz-Cookies<\/li>\n<li>Session-Cookie (nur bei Benutzeranmeldung)<\/li>\n<li>Von Drittanbietern eingestellte Cookies (Social-Media-Inhalte)<\/li>\n<\/ul>\n<p>Pr\u00e4ferenz-Cookies speichern Informationen zur <span class=\"fontstyle0\">Website<\/span>-Darstellung (z.B. ob Sie sich die Version der <span class=\"fontstyle0\">Website<\/span> f\u00fcr mobile Endger\u00e4te anzeigen lassen). Gehen die Informationen eines Pr\u00e4ferenz-Cookies verloren, wird die Verwendung der Website m\u00f6glicherweise umst\u00e4ndlicher, f\u00fchrt aber in der Regel nicht zu einem Ausfall. Pr\u00e4ferenz-Cookies bleiben \u00fcber das Beenden einer Browser-Sitzung gespeichert und k\u00f6nnen bei einem erneuten Seitenbesuch wieder aufgerufen werden. Sie bleiben auf Ihrem Endger\u00e4t gespeichert bis Sie diese l\u00f6schen.<\/p>\n<p>\u00dcber die Session-Cookies wird erfasst, welche Seiten durch ein- und denselben Nutzer bei einem Besuch aufgerufen werden. Bei der Nutzung von Funktionen, die einen Login auf der Webseite erfordern, wird anhand des Session-Cookies festgestellt, ob der betreffende Nutzer eingeloggt ist oder nicht. Das Session-Cookie hat eine G\u00fcltigkeitsdauer bis zum Beenden Ihrer Browsersitzung (also in der Regel bis zum Schlie\u00dfen des Browsers).<\/p>\n<h5 class=\"marginLeft40\">3.2.2 Von Drittanbietern eingestellte Cookies \/ eingebettete Inhalte<\/h5>\n<p class=\"marginLeft40\">Social-Media-Plugins auf dieser Website verwenden Cookies die vom entsprechenden Drittanbieter festgelegt und verwendet werden. Siehe dazu auch den Abschnitt 3.3.1. &#8222;Datenschutzerkl\u00e4rung f\u00fcr die Nutzung von Social-Media-Plugins (Facebook)&#8220;. Wir als Websitebetreiber haben keinerlei Einfluss auf die Art und Funktion dieser Coockies.<\/p>\n<h4>3.3 Eingebettete Inhalte von Drittanbietern oder anderen Websites<\/h4>\n<p>Beitr\u00e4ge auf dieser Website k\u00f6nnen eingebettete Inhalte (z.\u00a0B. Videos, Bilder, Beitr\u00e4ge etc.) enthalten. Eingebettete Inhalte von anderen Websites verhalten sich exakt so, als ob der Besucher die andere Website besucht h\u00e4tte.<\/p>\n<p>Diese Websites k\u00f6nnen Daten \u00fcber Sie sammeln, Cookies benutzen, zus\u00e4tzliche Tracking-Dienste von Dritten einbetten und deine Interaktion mit diesem eingebetteten Inhalt aufzeichnen, inklusive Ihrer Interaktion mit dem eingebetteten Inhalt, falls Sie ein Konto haben und auf dieser Website angemeldet sind.<\/p>\n<ul>\n<li>Wir verwenden f\u00fcr die Social Wall Darstellung (nicht in der optimierten Darstellung f\u00fcr Mobilger\u00e4te enthalten) Facebook-Plugins, siehe dazu auch Abschnitt 3.3.1. &#8222;Datenschutzerkl\u00e4rung f\u00fcr die Nutzung von Social-Media-Plugins (Facebook)&#8220;.<\/li>\n<li>Wir verwenden zum Anzeigen der Veranstaltungsorte Google-Services, um Karten bereitzustellen, siehe dazu auch Abschnitt 3.3.2 &#8222;Events Manager&#8220;.<\/li>\n<li>Wir verwenden die Privacy Suite f\u00fcr WordPress von Complianz, um browser- und ger\u00e4tebasierte Einwilligungen zu sammeln und aufzuzeichnen, siehe dazu auch Abschnitt 3.3.3 &#8222;Complianz&#8220;.<\/li>\n<li>Wir verwenden zum Anzeigen von GPX-Daten Services von OpenStreetMap, um Karten bereitzustellen, siehe dazu auch Abschnitt 3.3.4 &#8222;OpenStreetMap&#8220;.<\/li>\n<\/ul>\n<h5>3.3.1 Datenschutzerkl\u00e4rung f\u00fcr die Nutzung von Social-Media-Plugins (Facebook)<\/h5>\n<p>Auf diese Website sind Plugins des sozialen Netzwerks Facebook, Anbieter Facebook Inc., 1 Hacker Way, Menlo Park, California 94025, USA, integriert. Die Facebook-Plugins erkennen Sie an dem Facebook-Logo oder dem &#8222;Like-Button&#8220; (&#8222;Gef\u00e4llt mir&#8220;) auf unserer Seite. Eine \u00dcbersicht \u00fcber die Facebook-Plugins finden Sie hier: <a href=\"http:\/\/developers.facebook.com\/docs\/plugins\/\">http:\/\/developers.facebook.com\/docs\/plugins\/<\/a>.<\/p>\n<p>Wenn Sie ein Plugin durch Anklicken des jeweiligen Buttons aufrufen, wird eine Verbindung z.B. zu den Facebook-Servern hergestellt. Damit werden Daten an ein au\u00dfereurop\u00e4isches Drittland \u00fcbertragen. Hierdurch wird an den Facebook-Server \u00fcbermittelt, welche unserer Internetseiten Sie besucht haben. Sind Sie dabei als Mitglied bei Facebook eingeloggt, ordnet Facebook diese Information Ihrem pers\u00f6nlichen Facebook-Benutzerkonto zu.<\/p>\n<p>Wir als Websitebetreiber haben keinerlei Einfluss auf die Natur und den Umfang der Daten, welche das Plugin an die Server der Facebook Inc. \u00fcbermittelt. N\u00e4here Informationen zur Erhebung und Nutzung der Daten durch Facebook, \u00fcber Ihre diesbez\u00fcglichen Rechte und M\u00f6glichkeiten zum Schutz Ihrer Privatsph\u00e4re finden Sie in den Datenschutzhinweisen von Facebook. <a href=\"http:\/\/de-de.facebook.com\/policy.php\">http:\/\/de-de.facebook.com\/policy.php<\/a>.<\/p>\n<p>Wenn Sie nicht w\u00fcnschen, dass Facebook den Besuch unserer Seiten Ihrem Facebook-Nutzerkonto zuordnen kann, loggen Sie sich bitte aus Ihrem Facebook-Benutzerkonto aus.<\/p>\n<h5>3.3.2 Events Manager<\/h5>\n<p>Wir nutzen Google-Services, um Karten bereitzustellen und um bei der Suche nach Veranstaltungen Autovervollst\u00e4ndigung anzubieten. Diese sammeln Daten in \u00dcbereinstimmung mit Googles <a href=\"https:\/\/policies.google.com\/privacy\">Datenschutzerkl\u00e4rung<\/a>.<\/p>\n<h5>3.3.3 Complianz<\/h5>\n<div id=\"privacy-settings-accordion-block-complianz-the-privacy-suite-for-wordpress\" class=\"privacy-settings-accordion-panel privacy-text-box-body hide-privacy-policy-tutorial\">\n<p>Diese Website verwendet die Privacy Suite f\u00fcr WordPress von Complianz, um browser- und ger\u00e4tebasierte Einwilligungen zu sammeln und aufzuzeichnen. F\u00fcr diese Funktion wird deine IP-Adresse anonymisiert und in unserer Datenbank gespeichert.\u00a0Dieser Dienst verarbeitet keine pers\u00f6nlich identifizierbaren Informationen und gibt keine Daten an den Dienstanbieter weiter.\u00a0Weitere Informationen findest du in der Complianz <a href=\"https:\/\/complianz.io\/legal\/privacy-statement\/\">Datenschutzerkl\u00e4rung<\/a>.<\/p>\n<h5>3.3.4 OpenStreetMap<\/h5>\n<p>Wir nutzen Services von OpenStreetMap, um Karten zum Anzeigen von GPX-Daten bereitzustellen. Bei der Nutzung von OpenStreetMap werden weder Cookies gesetzt, noch personenbezogene Daten in die USA \u00fcbertragen. Jedoch wird die IP-Adresse, welche in einigen EU-L\u00e4ndern ein personenbezogenes Datum ist, vom Client an den OpenStreetMap-Server \u00fcbermittelt, um die Nutzung von OpenStreetMap zu erm\u00f6glichen.<\/p>\n<\/div>\n<h2>4 SSL-Verschl\u00fcsselung<\/h2>\n<p>Diese Seite nutzt aus Sicherheitsgr\u00fcnden und zum Schutz der \u00fcbertragenen Daten eine SSL-Verschl\u00fcsselung. Eine verschl\u00fcsselte Verbindung erkennen Sie daran, dass die Adresszeile des Browsers von \u201chttp:\/\/\u201d auf \u201chttps:\/\/\u201d wechselt und an dem Schloss-Symbol in Ihrer Browserzeile.<\/p>\n<p>Wenn die SSL-Verschl\u00fcsselung aktiviert ist, k\u00f6nnen die Daten, die Sie an uns \u00fcbermitteln, nicht von Dritten mitgelesen werden.<\/p>\n<h2>5 Links zu anderen <span class=\"fontstyle0\">Website<\/span>s<\/h2>\n<p class=\"bodytext\">Einzelne Seiten der Website enthalten ggf. Links zu externen <span class=\"fontstyle0\">Website<\/span>s Dritter, auf deren Inhalte wir keinen Einfluss haben. Deshalb k\u00f6nnen wir f\u00fcr diese fremden Inhalte auch keine Gew\u00e4hr \u00fcbernehmen. F\u00fcr die Inhalte der verlinkten Seiten ist stets der jeweilige Anbieter oder Betreiber der Seiten verantwortlich.<\/p>\n<p class=\"bodytext\">Die verlinkten Seiten wurden zum Zeitpunkt der Verlinkung auf m\u00f6gliche Rechtsverst\u00f6\u00dfe \u00fcberpr\u00fcft. Rechtswidrige Inhalte waren zum Zeitpunkt der Verlinkung nicht erkennbar.<\/p>\n<p class=\"bodytext\">Eine permanente inhaltliche Kontrolle der verlinkten Seiten ist jedoch ohne konkrete Anhaltspunkte einer Rechtsverletzung nicht zumutbar. Bei bekannt werden von Rechtsverletzungen werden wir derartige Links umgehend entfernen.<\/p>\n<h2>6 <span class=\"fontstyle0\">Nutzerrechte<\/span><\/h2>\n<div><span class=\"fontstyle0\">Sie haben bez\u00fcglich der Erhebung Ihrer Daten Rechte. Die Inanspruchnahme und Durchf\u00fchrung dieser Rechte ist f\u00fcr Sie kostenlos.<\/span><\/div>\n<h4><span class=\"fontstyle0\">6.1 Widerrufsrecht<\/span><\/h4>\n<p><span class=\"fontstyle0\">Sie haben das Recht, Ihre Einwilligung bez\u00fcglich der Erhebung von Daten jederzeit zu widerrufen. Dieses Recht gilt mit Wirkung f\u00fcr die Zukunft; die bis zur Rechtkraft des Widerrufs erhobenen Daten bleiben hiervon unber\u00fchrt.<\/span><\/p>\n<h4><span class=\"fontstyle0\">6.2 Recht auf Daten\u00fcbertragbarkeit<\/span><\/h4>\n<p><span class=\"fontstyle0\">Sie haben das Recht, Daten, die wir auf Grundlage Ihrer Einwilligung oder in Erf\u00fcllung eines Vertrags automatisiert verarbeiten, an sich oder an einen Dritten in einem g\u00e4ngigen, maschinenlesbaren Format aush\u00e4ndigen zu lassen. Sofern Sie die direkte \u00dcbertragung der Daten an einen anderen Verantwortlichen verlangen, erfolgt dies nur, soweit es technisch machbar ist.<\/span><\/p>\n<h4><span class=\"fontstyle0\">6.3 Recht auf Berechtigung, L\u00f6schung oder Sperrung<\/span><\/h4>\n<p><span class=\"fontstyle0\">Sie haben das Recht, Ihre Daten berichtigen, l\u00f6schen oder sperren zu lassen. Letzteres kommt zur Anwendung, wenn die gesetzliche Lage eine L\u00f6schung nicht zul\u00e4sst.<\/span><\/p>\n<h4><span class=\"fontstyle0\">6.4 Beschwerderecht<\/span><\/h4>\n<p>Sie haben das Recht, sich bei einer Aufsichtsbeh\u00f6rde bzw. einer zust\u00e4ndigen Stelle zu beschweren, insofern Sie einen Grund zur Beanstandung haben sollten. F\u00fcr die Inanspruchnahme dieses Rechts und der zwei vorher genannten wenden Sie sich bitte an die\u00a0aufgef\u00fchrten Kontaktpersonen.<\/p>\n<div>\n<h2>7 \u00c4nderung unserer Datenschutzerkl\u00e4rung<\/h2>\n<p class=\"s3-t\">Um zu gew\u00e4hrleisten, dass unsere Datenschutzerkl\u00e4rung stets den aktuellen gesetzlichen Vorgaben entspricht, behalten wir uns jederzeit \u00c4nderungen vor. Das gilt auch f\u00fcr den Fall, dass die Datenschutzerkl\u00e4rung aufgrund neuer oder \u00fcberarbeiteter Leistungen, zum Beispiel neuer Serviceleistungen, angepasst werden muss. Die neue Datenschutzerkl\u00e4rung greift dann bei Ihrem n\u00e4chsten Besuch auf unserem Angebot.<\/p>\n<p><span class=\"fontstyle0\">Derzeitiger Stand: <\/span><span class=\"fontstyle2\">(Oktober 2022)<\/span><\/p>\n<\/div>\n","protected":false},"excerpt":{"rendered":"<p>Datenschutzerkl\u00e4rung 1 Zu dieser Datenschutzerkl\u00e4rung Der Schutz Ihrer Privatsph\u00e4re ist uns ein wichtiges Anliegen. Deshalb m\u00f6chten wir Sie eindringlich bitten, die nachfolgende Zusammenfassung \u00fcber die Funktionsweise unserer Webseite www.viatoris.de aufmerksam zu lesen. Wir weisen darauf hin, dass die Daten\u00fcbertragung im &hellip; <a class=\"kt-excerpt-readmore more-link\" href=\"https:\/\/www.viatoris.de\/viatoris\/datenschutzerklaerung\/\">Weiterlesen<\/a><\/p>\n","protected":false},"author":1,"featured_media":0,"parent":0,"menu_order":0,"comment_status":"closed","ping_status":"closed","template":"","meta":{"kt_blocks_editor_width":"","footnotes":""},"class_list":["post-594","page","type-page","status-publish","hentry"],"_links":{"self":[{"href":"https:\/\/www.viatoris.de\/viatoris\/wp-json\/wp\/v2\/pages\/594","targetHints":{"allow":["GET"]}}],"collection":[{"href":"https:\/\/www.viatoris.de\/viatoris\/wp-json\/wp\/v2\/pages"}],"about":[{"href":"https:\/\/www.viatoris.de\/viatoris\/wp-json\/wp\/v2\/types\/page"}],"author":[{"embeddable":true,"href":"https:\/\/www.viatoris.de\/viatoris\/wp-json\/wp\/v2\/users\/1"}],"replies":[{"embeddable":true,"href":"https:\/\/www.viatoris.de\/viatoris\/wp-json\/wp\/v2\/comments?post=594"}],"version-history":[{"count":31,"href":"https:\/\/www.viatoris.de\/viatoris\/wp-json\/wp\/v2\/pages\/594\/revisions"}],"predecessor-version":[{"id":2110,"href":"https:\/\/www.viatoris.de\/viatoris\/wp-json\/wp\/v2\/pages\/594\/revisions\/2110"}],"wp:attachment":[{"href":"https:\/\/www.viatoris.de\/viatoris\/wp-json\/wp\/v2\/media?parent=594"}],"curies":[{"name":"wp","href":"https:\/\/api.w.org\/{rel}","templated":true}]}}