{"id":651,"date":"2018-01-28T14:48:53","date_gmt":"2018-01-28T13:48:53","guid":{"rendered":"https:\/\/www.viatoris.de\/viatoris\/?page_id=651"},"modified":"2018-01-29T10:34:33","modified_gmt":"2018-01-29T09:34:33","slug":"typischer-lageraufbau","status":"publish","type":"page","link":"https:\/\/www.viatoris.de\/viatoris\/typischer-lageraufbau\/","title":{"rendered":"Typischer Lageraufbau"},"content":{"rendered":"<h1>Das Viatoris Zeltlager<\/h1>\n<p>Die hier gezeigten Abbildungen sind Beispielaufbauten und Abwandlungen das Aufbaus sind je nach Gegebenheiten und anzahl der Personen m\u00f6glich.<\/p>\n<figure id=\"attachment_645\" aria-describedby=\"caption-attachment-645\" style=\"width: 300px\" class=\"wp-caption alignright\"><a href=\"https:\/\/www.viatoris.de\/viatoris\/wp-content\/uploads\/2018\/01\/Lager_viatoris_klein.png\"><img loading=\"lazy\" decoding=\"async\" class=\"wp-image-645 size-medium\" style=\"border: 1px solid #000000;\" src=\"https:\/\/www.viatoris.de\/viatoris\/wp-content\/uploads\/2018\/01\/Lager_viatoris_klein-300x294.png\" alt=\"\" width=\"300\" height=\"294\" srcset=\"https:\/\/www.viatoris.de\/viatoris\/wp-content\/uploads\/2018\/01\/Lager_viatoris_klein-300x294.png 300w, https:\/\/www.viatoris.de\/viatoris\/wp-content\/uploads\/2018\/01\/Lager_viatoris_klein-150x147.png 150w, https:\/\/www.viatoris.de\/viatoris\/wp-content\/uploads\/2018\/01\/Lager_viatoris_klein-768x752.png 768w, https:\/\/www.viatoris.de\/viatoris\/wp-content\/uploads\/2018\/01\/Lager_viatoris_klein-1024x1003.png 1024w, https:\/\/www.viatoris.de\/viatoris\/wp-content\/uploads\/2018\/01\/Lager_viatoris_klein.png 2202w\" sizes=\"auto, (max-width: 300px) 100vw, 300px\" \/><\/a><figcaption id=\"caption-attachment-645\" class=\"wp-caption-text\">Das typische Lager [16 x 16 m]<\/figcaption><\/figure>Die Abbildung rechts zeigt unseren typischen Lageraufbau<\/p>\n<ol>\n<li>Zweimastzelt des Hospitalliters (Vorf\u00fchrzelt Feldlazarett)<\/li>\n<li>Wohn- und K\u00fcchenzelt, Keilzelt<\/li>\n<li>Zelt des Ministerialen (Vorf\u00fchrzelt)<\/li>\n<li>Verkaufsstand f\u00fcr Reenactment-Tr\u00f6delware (optional)<\/li>\n<li>Feuerstelle<\/li>\n<li>Unterstand<\/li>\n<\/ol>\n<div class=\"clearfix\"><\/div>\n<figure id=\"attachment_646\" aria-describedby=\"caption-attachment-646\" style=\"width: 300px\" class=\"wp-caption alignright\"><a href=\"https:\/\/www.viatoris.de\/viatoris\/wp-content\/uploads\/2018\/01\/Lager_viatoris_gross.png\"><img loading=\"lazy\" decoding=\"async\" class=\"wp-image-646 size-medium\" style=\"border: 1px solid #000000;\" src=\"https:\/\/www.viatoris.de\/viatoris\/wp-content\/uploads\/2018\/01\/Lager_viatoris_gross-300x254.png\" alt=\"\" width=\"300\" height=\"254\" srcset=\"https:\/\/www.viatoris.de\/viatoris\/wp-content\/uploads\/2018\/01\/Lager_viatoris_gross-300x254.png 300w, https:\/\/www.viatoris.de\/viatoris\/wp-content\/uploads\/2018\/01\/Lager_viatoris_gross-150x127.png 150w, https:\/\/www.viatoris.de\/viatoris\/wp-content\/uploads\/2018\/01\/Lager_viatoris_gross-768x651.png 768w, https:\/\/www.viatoris.de\/viatoris\/wp-content\/uploads\/2018\/01\/Lager_viatoris_gross-1024x868.png 1024w\" sizes=\"auto, (max-width: 300px) 100vw, 300px\" \/><\/a><figcaption id=\"caption-attachment-646\" class=\"wp-caption-text\">Das gro\u00dfe Lager [16,5 x 19,5 m]<\/figcaption><\/figure>Die Abbildung rechts zeigt einen alternativen Lageraufbau mit zus\u00e4tzlichen Zelten, der aber nicht typisch f\u00fcr die Gruppe ist und alle verf\u00fcgbaren Zelte beinhaltet.<\/p>\n<ol>\n<li>Zweimastzelt des Hospitalliters (Vorf\u00fchrzelt Feldlazarett)<\/li>\n<li>Wohnzelt, Zweimastzelt<\/li>\n<li>Wohnzelt, Keilzelt<\/li>\n<li>Wohn- und K\u00fcchenzelt, Keilzelt<\/li>\n<li>Feuerstelle<\/li>\n<li>Zelt des Ministerialen (Vorf\u00fchrzelt)<\/li>\n<li>Verkaufsstand f\u00fcr Reenactment-Tr\u00f6delware (optional)<\/li>\n<li>Unterstand<\/li>\n<\/ol>\n<p>&nbsp;<\/p>\n","protected":false},"excerpt":{"rendered":"<p>Das Viatoris Zeltlager Die hier gezeigten Abbildungen sind Beispielaufbauten und Abwandlungen das Aufbaus sind je nach Gegebenheiten und anzahl der Personen m\u00f6glich. Die Abbildung rechts zeigt unseren typischen Lageraufbau Zweimastzelt des Hospitalliters (Vorf\u00fchrzelt Feldlazarett) Wohn- und K\u00fcchenzelt, Keilzelt Zelt des &hellip; <a class=\"kt-excerpt-readmore more-link\" href=\"https:\/\/www.viatoris.de\/viatoris\/typischer-lageraufbau\/\">Weiterlesen<\/a><\/p>\n","protected":false},"author":1,"featured_media":0,"parent":0,"menu_order":0,"comment_status":"closed","ping_status":"closed","template":"","meta":{"kt_blocks_editor_width":"","footnotes":""},"class_list":["post-651","page","type-page","status-publish","hentry"],"_links":{"self":[{"href":"https:\/\/www.viatoris.de\/viatoris\/wp-json\/wp\/v2\/pages\/651","targetHints":{"allow":["GET"]}}],"collection":[{"href":"https:\/\/www.viatoris.de\/viatoris\/wp-json\/wp\/v2\/pages"}],"about":[{"href":"https:\/\/www.viatoris.de\/viatoris\/wp-json\/wp\/v2\/types\/page"}],"author":[{"embeddable":true,"href":"https:\/\/www.viatoris.de\/viatoris\/wp-json\/wp\/v2\/users\/1"}],"replies":[{"embeddable":true,"href":"https:\/\/www.viatoris.de\/viatoris\/wp-json\/wp\/v2\/comments?post=651"}],"version-history":[{"count":10,"href":"https:\/\/www.viatoris.de\/viatoris\/wp-json\/wp\/v2\/pages\/651\/revisions"}],"predecessor-version":[{"id":665,"href":"https:\/\/www.viatoris.de\/viatoris\/wp-json\/wp\/v2\/pages\/651\/revisions\/665"}],"wp:attachment":[{"href":"https:\/\/www.viatoris.de\/viatoris\/wp-json\/wp\/v2\/media?parent=651"}],"curies":[{"name":"wp","href":"https:\/\/api.w.org\/{rel}","templated":true}]}}